{"id":951,"date":"2026-01-26T19:41:59","date_gmt":"2026-01-26T18:41:59","guid":{"rendered":"https:\/\/www.eacomsa.com\/?page_id=951"},"modified":"2026-01-27T03:22:19","modified_gmt":"2026-01-27T02:22:19","slug":"canal-de-denuncias","status":"publish","type":"page","link":"https:\/\/www.eacomsa.com\/ca\/canal-de-denuncias\/","title":{"rendered":"Canal de den\u00fancies."},"content":{"rendered":"<p>T\u00e9 informaci\u00f3 vera\u00e7 sobre la comissi\u00f3 d\u2019algun delicte o infracci\u00f3 greu o molt greu?<\/p>\n\n\n\n<p>EACOM Ingenieros y consultores S.A. (\u201cEACOM\u201d) pone a su disposici\u00f3n diversos canales para que Vd. pueda denunciar los hechos, garantizando en todo momento su confidencialidad y ausencia de cualquier tipo de represalia.<\/p>\n\n\n\n<p>\u200b<\/p>\n\n\n\n<p><strong>Qui pot presentar una den\u00fancia?<\/strong><\/p>\n\n\n\n<p>Qualsevol persona que mantingui o hagi mantingut algun tipus de vincle amb EACOM.<\/p>\n\n\n\n<p>A t\u00edtol enunciatiu, poden ser informants: treballadors, aut\u00f2noms, col\u00b7laboradors professionals, socis, directius, persones empleades dels nostres contractistes o prove\u00efdors, extreballadors, exsocis, exadministradors o apoderats, becaris o aspirants en processos de selecci\u00f3.<\/p>\n\n\n\n<p><strong>Com puc presentar una den\u00fancia?<\/strong><\/p>\n\n\n\n<p>Mitjan\u00e7ant el formulari habilitat al Canal de Den\u00fancies de l\u2019eina Factorial, al qual pot accedir a trav\u00e9s del seg\u00fcent enlla\u00e7&nbsp;<a href=\"https:\/\/eacom.factorialhr.es\/complaints\" target=\"_blank\" rel=\"noreferrer noopener\"><\/a><a href=\"https:\/\/eacom.factorialhr.es\/complaints\" target=\"_blank\" rel=\"noreferrer noopener\">https:\/\/eacom.factorialhr.es\/complaints<\/a><\/p>\n\n\n\n<p>\u200b<\/p>\n\n\n\n<p>Per correu postal, adre\u00e7ant una carta a l\u2019atenci\u00f3 de l\u2019\u00d2rgan Responsable del Canal de Den\u00fancies, a l\u2019adre\u00e7a seg\u00fcent: Avinguda de Rio de Janeiro, 56, 8A, Districte de Nou Barris, 08016 Barcelona.<\/p>\n\n\n\n<p>Per correu postal, adre\u00e7ant una carta a l\u2019atenci\u00f3 de l\u2019\u00d2rgan Responsable del Canal de Den\u00fancies, a l\u2019adre\u00e7a seg\u00fcent: Avinguda de Rio de Janeiro, 56, 8A, Districte de Nou Barris, 08016 Barcelona.<\/p>\n\n\n\n<p><strong>\u00c9s necessari que faciliti les meves dades a la den\u00fancia?<\/strong><\/p>\n\n\n\n<p>Tot i que, per verificar els fets i, si escau, sol\u00b7licitar documentaci\u00f3 addicional o informar-lo sobre el curs de la investigaci\u00f3, \u00e9s recomanable disposar del seu nom, adre\u00e7a, DNI i un tel\u00e8fon o correu electr\u00f2nic de contacte, vost\u00e8 t\u00e9 dret a presentar la den\u00fancia de forma an\u00f2nima.\nEn qualsevol cas, la den\u00fancia ser\u00e0 igualment investigada.<\/p>\n\n\n\n<p><strong>Quins fets es poden denunciar?<\/strong><\/p>\n\n\n\n<p>\u00c9s important deixar clar que el nostre Canal de Den\u00fancies no \u00e9s una eina per formular queixes o reclamacions; en aquests casos, les comunicacions seran arxivades.<\/p>\n\n\n\n<p>Es tracta d\u2019un canal restringit, pensat exclusivament per informar de fets especialment greus que puguin constituir delicte o infracci\u00f3 administrativa greu o molt greu, i sobre els quals l\u2019informant ha de tenir el convenciment que s\u00f3n certs.<\/p>\n\n\n\n<p>Cal puntualitzar que els fets denunciats s\u2019han d\u2019haver produ\u00eft en\nSi es tracta de fets aliens a EACOM, s\u2019hauran de denunciar davant les autoritats policials, administratives o judicials competents. l\u2019\u00e0mbit laboral o professional de la nostra activitat.<\/p>\n\n\n\n<p>Si el denunciant actua sabent que la informaci\u00f3 facilitada \u00e9s inversemblant o manifestament falsa, no tindr\u00e0 dret a cap protecci\u00f3 i EACOM podr\u00e0 denunciar-lo i exigir-li responsabilitats.<\/p>\n\n\n\n<p><strong>Com es tramitaran les den\u00fancies?<\/strong><\/p>\n\n\n\n<p>Nom\u00e9s l\u2019\u00d2rgan Responsable del Canal de Den\u00fancies tindr\u00e0 acc\u00e9s a la den\u00fancia i ser\u00e0 qui s\u2019encarregar\u00e0 de la seva investigaci\u00f3.<\/p>\n\n\n\n<p>La tramitaci\u00f3 de la investigaci\u00f3 es dur\u00e0 a terme amb la m\u00e0xima reserva i amb plenes garanties de confidencialitat.\nLa persona denunciada i la resta de persones afectades per la den\u00fancia no tindran acc\u00e9s a la identitat del denunciant.<\/p>\n\n\n\n<p>Si el denunciant ha facilitat un domicili, tel\u00e8fon o correu electr\u00f2nic de contacte, se l\u2019informar\u00e0 sobre l\u2019admissi\u00f3 o inadmissi\u00f3 a tr\u00e0mit de la den\u00fancia i sobre la decisi\u00f3 que s\u2019adopti al final de la investigaci\u00f3.<\/p>\n\n\n\n<p>Si de la investigaci\u00f3 se\u2019n deriva l\u2019exist\u00e8ncia d\u2019un possible delicte, els fets es posaran en coneixement de la Fiscalia o de l\u2019autoritat judicial.\nSi es tracta d\u2019una infracci\u00f3 administrativa greu o molt greu, se n\u2019informar\u00e0 les autoritats administratives competents.<\/p>\n\n\n\n<p>Sense perjudici de l\u2019\u00fas del Canal Intern de Den\u00fancia, el denunciant podr\u00e0 rec\u00f3rrer, de manera simult\u00e0nia o alternativa, als canals externs habilitats per l\u2019Administraci\u00f3 de Just\u00edcia o per les autoritats administratives competents.<\/p>\n\n\n\n<p><strong>De quina protecci\u00f3 disposa el denunciant?<\/strong><\/p>\n\n\n\n<p>Totes les persones que utilitzin de bona fe el Canal Intern de Den\u00fancia tindran dret a ser protegides, sempre que els fets denunciats no siguin inversemblants ni not\u00f2riament falsos.<\/p>\n\n\n\n<p>La protecci\u00f3 dels denunciants inclour\u00e0, en tot cas, el dret que la seva identitat no sigui revelada ni a les persones denunciades ni a la resta d\u2019afectats.<\/p>\n\n\n\n<p>EACOM garanteix que cap denunciant no patir\u00e0 repres\u00e0lies a conseq\u00fc\u00e8ncia de les comunicacions o den\u00fancies formulades a trav\u00e9s del nostre Canal Intern de Den\u00fancia, davant l\u2019Autoritat Independent de Protecci\u00f3 de l\u2019Informant (A.A.I.) o mitjan\u00e7ant revelaci\u00f3 p\u00fablica en els termes previstos a la Llei 2\/2023.\nAquest dret de protecci\u00f3 s\u2019estendr\u00e0 als seus familiars i persones de l\u2019entorn proper, aix\u00ed com a les entitats amb les quals el denunciant mantingui algun tipus de vinculaci\u00f3.<\/p>\n\n\n\n<p>Els tractaments de dades que es duguin a terme en compliment de la Llei 2\/2023 es fonamenten en el compliment d\u2019aquesta obligaci\u00f3 legal, que n\u2019\u00e9s la base de legitimaci\u00f3.\nAddicionalment, la norma estableix una presumpci\u00f3 de licitud per al tractament de determinades categories especials de dades sobre la base de l\u2019inter\u00e8s p\u00fablic essencial.<\/p>\n\n\n\n<p>En compliment de la normativa de protecci\u00f3 de dades, s\u2019informa tots els interessats que la seva identitat ser\u00e0 reservada i que les seves dades no seran comunicades a les persones a les quals es refereixen els fets revelats ni a tercers, llevat que existeixi obligaci\u00f3 legal de fer-ho.<\/p>\n\n\n\n<p>Tant el denunciant com qualsevol altre interessat poden exercir els drets d\u2019acc\u00e9s, rectificaci\u00f3, limitaci\u00f3, supressi\u00f3 i portabilitat de les seves dades personals, d\u2019acord amb la normativa vigent.<\/p>\n\n\n\n<p>Cal tenir present que nom\u00e9s les persones designades a aquest efecte podran accedir a les dades contingudes al Canal de Den\u00fancies.Igualment, la comunicaci\u00f3 d\u2019aquestes dades a tercers quedar\u00e0 limitada en els termes previstos per la llei.<\/p>\n\n\n\n<p>Les dades nom\u00e9s es podran conservar durant el temps imprescindible per decidir sobre la conveni\u00e8ncia d\u2019iniciar o no una investigaci\u00f3.\nEn qualsevol cas, quan hagin transcorregut tres mesos des de la recepci\u00f3 de la den\u00fancia sense que s\u2019hagin iniciat actuacions d\u2019investigaci\u00f3, les dades personals seran suprimides, llevat que es mantinguin \u2014pr\u00e8via anonimitzaci\u00f3\u2014 amb l\u2019\u00fanica finalitat d\u2019acreditar el funcionament del Canal de Den\u00fancies.<\/p>","protected":false},"excerpt":{"rendered":"<p>\u00bfTiene Vd. informaci\u00f3n veraz sobre la comisi\u00f3n de alg\u00fan delito o infracci\u00f3n grave o muy grave? EACOM Ingenieros y consultores S.A.&nbsp;(\u201cEACOM\u201d) pone a su disposici\u00f3n diversos canales para que Vd. pueda denunciar los hechos, garantizando en todo momento su confidencialidad y ausencia de cualquier tipo de represalia. \u200b \u00bfQui\u00e9n puede denunciar? Cualquier persona que mantenga [&hellip;]<\/p>\n","protected":false},"author":2,"featured_media":0,"parent":0,"menu_order":0,"comment_status":"closed","ping_status":"closed","template":"","meta":{"footnotes":""},"class_list":["post-951","page","type-page","status-publish","hentry","entry"],"yoast_head":"<!-- This site is optimized with the Yoast SEO plugin v27.5 - https:\/\/yoast.com\/product\/yoast-seo-wordpress\/ -->\n<title>Canal de denuncias - EACOM<\/title>\n<meta name=\"robots\" content=\"index, follow, max-snippet:-1, max-image-preview:large, max-video-preview:-1\" \/>\n<link rel=\"canonical\" href=\"https:\/\/www.eacomsa.com\/ca\/canal-de-denuncias\/\" \/>\n<meta property=\"og:locale\" content=\"ca_ES\" \/>\n<meta property=\"og:type\" content=\"article\" \/>\n<meta property=\"og:title\" content=\"Canal de denuncias - EACOM\" \/>\n<meta property=\"og:description\" content=\"\u00bfTiene Vd. informaci\u00f3n veraz sobre la comisi\u00f3n de alg\u00fan delito o infracci\u00f3n grave o muy grave? EACOM Ingenieros y consultores S.A.&nbsp;(\u201cEACOM\u201d) pone a su disposici\u00f3n diversos canales para que Vd. pueda denunciar los hechos, garantizando en todo momento su confidencialidad y ausencia de cualquier tipo de represalia. \u200b \u00bfQui\u00e9n puede denunciar? Cualquier persona que mantenga [&hellip;]\" \/>\n<meta property=\"og:url\" content=\"https:\/\/www.eacomsa.com\/ca\/canal-de-denuncias\/\" \/>\n<meta property=\"og:site_name\" content=\"EACOM\" \/>\n<meta property=\"article:modified_time\" content=\"2026-01-27T02:22:19+00:00\" \/>\n<meta name=\"twitter:card\" content=\"summary_large_image\" \/>\n<meta name=\"twitter:label1\" content=\"Temps estimat de lectura\" \/>\n\t<meta name=\"twitter:data1\" content=\"5 minuts\" \/>\n<script type=\"application\/ld+json\" class=\"yoast-schema-graph\">{\"@context\":\"https:\\\/\\\/schema.org\",\"@graph\":[{\"@type\":\"WebPage\",\"@id\":\"https:\\\/\\\/www.eacomsa.com\\\/canal-de-denuncias\\\/\",\"url\":\"https:\\\/\\\/www.eacomsa.com\\\/canal-de-denuncias\\\/\",\"name\":\"Canal de denuncias - EACOM\",\"isPartOf\":{\"@id\":\"https:\\\/\\\/www.eacomsa.com\\\/#website\"},\"datePublished\":\"2026-01-26T18:41:59+00:00\",\"dateModified\":\"2026-01-27T02:22:19+00:00\",\"breadcrumb\":{\"@id\":\"https:\\\/\\\/www.eacomsa.com\\\/canal-de-denuncias\\\/#breadcrumb\"},\"inLanguage\":\"ca\",\"potentialAction\":[{\"@type\":\"ReadAction\",\"target\":[\"https:\\\/\\\/www.eacomsa.com\\\/canal-de-denuncias\\\/\"]}]},{\"@type\":\"BreadcrumbList\",\"@id\":\"https:\\\/\\\/www.eacomsa.com\\\/canal-de-denuncias\\\/#breadcrumb\",\"itemListElement\":[{\"@type\":\"ListItem\",\"position\":1,\"name\":\"Portada\",\"item\":\"https:\\\/\\\/www.eacomsa.com\\\/\"},{\"@type\":\"ListItem\",\"position\":2,\"name\":\"Canal de denuncias\"}]},{\"@type\":\"WebSite\",\"@id\":\"https:\\\/\\\/www.eacomsa.com\\\/#website\",\"url\":\"https:\\\/\\\/www.eacomsa.com\\\/\",\"name\":\"Eacomsa.com\",\"description\":\"\",\"publisher\":{\"@id\":\"https:\\\/\\\/www.eacomsa.com\\\/#organization\"},\"potentialAction\":[{\"@type\":\"SearchAction\",\"target\":{\"@type\":\"EntryPoint\",\"urlTemplate\":\"https:\\\/\\\/www.eacomsa.com\\\/?s={search_term_string}\"},\"query-input\":{\"@type\":\"PropertyValueSpecification\",\"valueRequired\":true,\"valueName\":\"search_term_string\"}}],\"inLanguage\":\"ca\"},{\"@type\":\"Organization\",\"@id\":\"https:\\\/\\\/www.eacomsa.com\\\/#organization\",\"name\":\"EACOM\",\"url\":\"https:\\\/\\\/www.eacomsa.com\\\/\",\"logo\":{\"@type\":\"ImageObject\",\"inLanguage\":\"ca\",\"@id\":\"https:\\\/\\\/www.eacomsa.com\\\/#\\\/schema\\\/logo\\\/image\\\/\",\"url\":\"https:\\\/\\\/www.eacomsa.com\\\/wp-content\\\/uploads\\\/2026\\\/01\\\/Eacom-degradado.webp\",\"contentUrl\":\"https:\\\/\\\/www.eacomsa.com\\\/wp-content\\\/uploads\\\/2026\\\/01\\\/Eacom-degradado.webp\",\"width\":853,\"height\":181,\"caption\":\"EACOM\"},\"image\":{\"@id\":\"https:\\\/\\\/www.eacomsa.com\\\/#\\\/schema\\\/logo\\\/image\\\/\"}}]}<\/script>\n<!-- \/ Yoast SEO plugin. -->","yoast_head_json":{"title":"Canal de denuncias - EACOM","robots":{"index":"index","follow":"follow","max-snippet":"max-snippet:-1","max-image-preview":"max-image-preview:large","max-video-preview":"max-video-preview:-1"},"canonical":"https:\/\/www.eacomsa.com\/ca\/canal-de-denuncias\/","og_locale":"ca_ES","og_type":"article","og_title":"Canal de denuncias - EACOM","og_description":"\u00bfTiene Vd. informaci\u00f3n veraz sobre la comisi\u00f3n de alg\u00fan delito o infracci\u00f3n grave o muy grave? EACOM Ingenieros y consultores S.A.&nbsp;(\u201cEACOM\u201d) pone a su disposici\u00f3n diversos canales para que Vd. pueda denunciar los hechos, garantizando en todo momento su confidencialidad y ausencia de cualquier tipo de represalia. \u200b \u00bfQui\u00e9n puede denunciar? Cualquier persona que mantenga [&hellip;]","og_url":"https:\/\/www.eacomsa.com\/ca\/canal-de-denuncias\/","og_site_name":"EACOM","article_modified_time":"2026-01-27T02:22:19+00:00","twitter_card":"summary_large_image","twitter_misc":{"Temps estimat de lectura":"5 minuts"},"schema":{"@context":"https:\/\/schema.org","@graph":[{"@type":"WebPage","@id":"https:\/\/www.eacomsa.com\/canal-de-denuncias\/","url":"https:\/\/www.eacomsa.com\/canal-de-denuncias\/","name":"Canal de denuncias - EACOM","isPartOf":{"@id":"https:\/\/www.eacomsa.com\/#website"},"datePublished":"2026-01-26T18:41:59+00:00","dateModified":"2026-01-27T02:22:19+00:00","breadcrumb":{"@id":"https:\/\/www.eacomsa.com\/canal-de-denuncias\/#breadcrumb"},"inLanguage":"ca","potentialAction":[{"@type":"ReadAction","target":["https:\/\/www.eacomsa.com\/canal-de-denuncias\/"]}]},{"@type":"BreadcrumbList","@id":"https:\/\/www.eacomsa.com\/canal-de-denuncias\/#breadcrumb","itemListElement":[{"@type":"ListItem","position":1,"name":"Portada","item":"https:\/\/www.eacomsa.com\/"},{"@type":"ListItem","position":2,"name":"Canal de denuncias"}]},{"@type":"WebSite","@id":"https:\/\/www.eacomsa.com\/#website","url":"https:\/\/www.eacomsa.com\/","name":"Eacomsa.com","description":"","publisher":{"@id":"https:\/\/www.eacomsa.com\/#organization"},"potentialAction":[{"@type":"SearchAction","target":{"@type":"EntryPoint","urlTemplate":"https:\/\/www.eacomsa.com\/?s={search_term_string}"},"query-input":{"@type":"PropertyValueSpecification","valueRequired":true,"valueName":"search_term_string"}}],"inLanguage":"ca"},{"@type":"Organization","@id":"https:\/\/www.eacomsa.com\/#organization","name":"EACOM","url":"https:\/\/www.eacomsa.com\/","logo":{"@type":"ImageObject","inLanguage":"ca","@id":"https:\/\/www.eacomsa.com\/#\/schema\/logo\/image\/","url":"https:\/\/www.eacomsa.com\/wp-content\/uploads\/2026\/01\/Eacom-degradado.webp","contentUrl":"https:\/\/www.eacomsa.com\/wp-content\/uploads\/2026\/01\/Eacom-degradado.webp","width":853,"height":181,"caption":"EACOM"},"image":{"@id":"https:\/\/www.eacomsa.com\/#\/schema\/logo\/image\/"}}]}},"_links":{"self":[{"href":"https:\/\/www.eacomsa.com\/ca\/wp-json\/wp\/v2\/pages\/951","targetHints":{"allow":["GET"]}}],"collection":[{"href":"https:\/\/www.eacomsa.com\/ca\/wp-json\/wp\/v2\/pages"}],"about":[{"href":"https:\/\/www.eacomsa.com\/ca\/wp-json\/wp\/v2\/types\/page"}],"author":[{"embeddable":true,"href":"https:\/\/www.eacomsa.com\/ca\/wp-json\/wp\/v2\/users\/2"}],"replies":[{"embeddable":true,"href":"https:\/\/www.eacomsa.com\/ca\/wp-json\/wp\/v2\/comments?post=951"}],"version-history":[{"count":1,"href":"https:\/\/www.eacomsa.com\/ca\/wp-json\/wp\/v2\/pages\/951\/revisions"}],"predecessor-version":[{"id":952,"href":"https:\/\/www.eacomsa.com\/ca\/wp-json\/wp\/v2\/pages\/951\/revisions\/952"}],"wp:attachment":[{"href":"https:\/\/www.eacomsa.com\/ca\/wp-json\/wp\/v2\/media?parent=951"}],"curies":[{"name":"wp","href":"https:\/\/api.w.org\/{rel}","templated":true}]}}