{"id":949,"date":"2026-01-26T19:41:36","date_gmt":"2026-01-26T18:41:36","guid":{"rendered":"https:\/\/www.eacomsa.com\/?page_id=949"},"modified":"2026-01-27T03:22:52","modified_gmt":"2026-01-27T02:22:52","slug":"comunicado-a-proveedores","status":"publish","type":"page","link":"https:\/\/www.eacomsa.com\/ca\/comunicado-a-proveedores\/","title":{"rendered":"Comunicat als prove\u00efdors."},"content":{"rendered":"<p>Mitjan\u00e7ant el present comunicat, s\u2019informa els nostres prove\u00efdors de la metodologia emprada a EACOM S.A. per al control i seguiment del rendiment del prove\u00efdor extern.<\/p>\n\n\n\n<p>Aquesta metodologia est\u00e0 recollida en el Procediment PR-012 (\u00abGesti\u00f3 de Prove\u00efdors\u00bb) i consisteix en una avaluaci\u00f3 inicial pr\u00e8via i en un seguiment peri\u00f2dic (amb car\u00e0cter anual).<\/p>\n\n\n\n<p>L\u2019avaluaci\u00f3 pr\u00e8via es basa en:<\/p>\n\n\n\n<p>\u200b<\/p>\n\n\n\n<ul class=\"wp-block-list\">\n<li>Marques i certificacions reconegudes.<\/li>\n\n\n\n<li>Homologaci\u00f3 per part de client o prove\u00efdor com\u00fa.<\/li>\n\n\n\n<li>Capacitat \/ qualificaci\u00f3.<\/li>\n\n\n\n<li>Compet\u00e8ncia.<\/li>\n\n\n\n<li>Assajos previs, quan escaigui.<\/li>\n\n\n\n<li>Autoritzaci\u00f3.<\/li>\n\n\n\n<li>Capacitat de subministrament.<\/li>\n\n\n\n<li>Preu.<\/li>\n\n\n\n<li>Criteris ambientals.<\/li>\n\n\n\n<li>Requisits legals.<\/li>\n<\/ul>\n\n\n\n<p>\u200b<\/p>\n\n\n\n<p>Un cop un prove\u00efdor ha estat aprovat, es porta a terme l\u2019avaluaci\u00f3 anual basada en els criteris seg\u00fcents:<\/p>\n\n\n\n<p>\u200b<\/p>\n\n\n\n<ul class=\"wp-block-list\">\n<li>Qualitat del producte: \u00fas i incid\u00e8ncies.<\/li>\n\n\n\n<li>Valoraci\u00f3 del servei: preus, proactivitat, flexibilitat, estocs, terminis i quantitats, etc.<\/li>\n<\/ul>\n\n\n\n<p>Sobre la base d\u2019aquesta avaluaci\u00f3, s\u2019obt\u00e9 la Valoraci\u00f3 del Prove\u00efdor:<\/p>\n\n\n\n<p>A. VALORACI\u00d3 DE LA QUALITAT DEL PRODUCTE (50%): El producte subministrat pel prove\u00efdor es valora en funci\u00f3 del seu \u00fas i de les incid\u00e8ncies relacionades amb aquest. S\u2019aplica l\u2019escala seg\u00fcent:<\/p>\n\n\n\n<ul class=\"wp-block-list\">\n<li>Sense informes d\u2019incid\u00e8ncies durant l\u2019any: 50 punts.<\/li>\n\n\n\n<li>D\u20191 a 3 incid\u00e8ncies: 30 punts.<\/li>\n\n\n\n<li>M\u00e9s de 3 incid\u00e8ncies: 0 punts.<\/li>\n<\/ul>\n\n\n\n<p>B. VALORACI\u00d3 DEL SERVEI (50%): Es realitza en funci\u00f3 dels resultats obtinguts durant la prestaci\u00f3 del servei associat a l\u2019enviament de productes o al propi servei (compliment de quantitats, terminis, col\u00b7laboraci\u00f3 t\u00e8cnica):<\/p>\n\n\n\n<ul class=\"wp-block-list\">\n<li>Compliment sempre correcte, col\u00b7laboraci\u00f3 molt acceptable: 50 punts.<\/li>\n\n\n\n<li>Alguns incompliments puntuals, col\u00b7laboraci\u00f3 acceptable: 40 punts.<\/li>\n\n\n\n<li>Incompliments freq\u00fcents, escassa col\u00b7laboraci\u00f3: 20 punts.<\/li>\n\n\n\n<li>Incompliment permanent, col\u00b7laboraci\u00f3 nul\u00b7la: 0 punts.<\/li>\n<\/ul>\n\n\n\n<p>C. VALORACI\u00d3 GLOBAL: SUMA A + B<\/p>\n\n\n\n<p>Per ser considerat APTE, el prove\u00efdor ha de superar la puntuaci\u00f3 de 50 punts i no tenir m\u00e9s de 3 incid\u00e8ncies.<\/p>\n\n\n\n<p>En casos excepcionals, als prove\u00efdors amb una puntuaci\u00f3 inferior a 50 punts se\u2019ls podr\u00e0 notificar el resultat de l\u2019avaluaci\u00f3, sol\u00b7licitant-los accions de millora amb l\u2019objectiu que se situ\u00efn al nivell de prove\u00efdor APTE.<\/p>","protected":false},"excerpt":{"rendered":"<p>Mediante el presente comunicado, se informa a nuestros proveedores de la metodolog\u00eda empleada en EACOM S.A., para el control y seguimiento del desempe\u00f1o del Proveedor externo. Esta metodolog\u00eda est\u00e1 recogida en el Procedimiento PR-012 (\u201cGesti\u00f3n de Proveedores\u201d) y consiste en una evaluaci\u00f3n inicial previa y en un seguimiento peri\u00f3dico (con car\u00e1cter anual). La evaluaci\u00f3n previa [&hellip;]<\/p>\n","protected":false},"author":2,"featured_media":0,"parent":0,"menu_order":0,"comment_status":"closed","ping_status":"closed","template":"","meta":{"footnotes":""},"class_list":["post-949","page","type-page","status-publish","hentry","entry"],"yoast_head":"<!-- This site is optimized with the Yoast SEO plugin v27.5 - https:\/\/yoast.com\/product\/yoast-seo-wordpress\/ -->\n<title>Comunicado a proveedores - EACOM<\/title>\n<meta name=\"robots\" content=\"index, follow, max-snippet:-1, max-image-preview:large, max-video-preview:-1\" \/>\n<link rel=\"canonical\" href=\"https:\/\/www.eacomsa.com\/ca\/comunicado-a-proveedores\/\" \/>\n<meta property=\"og:locale\" content=\"ca_ES\" \/>\n<meta property=\"og:type\" content=\"article\" \/>\n<meta property=\"og:title\" content=\"Comunicado a proveedores - EACOM\" \/>\n<meta property=\"og:description\" content=\"Mediante el presente comunicado, se informa a nuestros proveedores de la metodolog\u00eda empleada en EACOM S.A., para el control y seguimiento del desempe\u00f1o del Proveedor externo. Esta metodolog\u00eda est\u00e1 recogida en el Procedimiento PR-012 (\u201cGesti\u00f3n de Proveedores\u201d) y consiste en una evaluaci\u00f3n inicial previa y en un seguimiento peri\u00f3dico (con car\u00e1cter anual). La evaluaci\u00f3n previa [&hellip;]\" \/>\n<meta property=\"og:url\" content=\"https:\/\/www.eacomsa.com\/ca\/comunicado-a-proveedores\/\" \/>\n<meta property=\"og:site_name\" content=\"EACOM\" \/>\n<meta property=\"article:modified_time\" content=\"2026-01-27T02:22:52+00:00\" \/>\n<meta name=\"twitter:card\" content=\"summary_large_image\" \/>\n<meta name=\"twitter:label1\" content=\"Temps estimat de lectura\" \/>\n\t<meta name=\"twitter:data1\" content=\"2 minuts\" \/>\n<script type=\"application\/ld+json\" class=\"yoast-schema-graph\">{\"@context\":\"https:\\\/\\\/schema.org\",\"@graph\":[{\"@type\":\"WebPage\",\"@id\":\"https:\\\/\\\/www.eacomsa.com\\\/comunicado-a-proveedores\\\/\",\"url\":\"https:\\\/\\\/www.eacomsa.com\\\/comunicado-a-proveedores\\\/\",\"name\":\"Comunicado a proveedores - EACOM\",\"isPartOf\":{\"@id\":\"https:\\\/\\\/www.eacomsa.com\\\/#website\"},\"datePublished\":\"2026-01-26T18:41:36+00:00\",\"dateModified\":\"2026-01-27T02:22:52+00:00\",\"breadcrumb\":{\"@id\":\"https:\\\/\\\/www.eacomsa.com\\\/comunicado-a-proveedores\\\/#breadcrumb\"},\"inLanguage\":\"ca\",\"potentialAction\":[{\"@type\":\"ReadAction\",\"target\":[\"https:\\\/\\\/www.eacomsa.com\\\/comunicado-a-proveedores\\\/\"]}]},{\"@type\":\"BreadcrumbList\",\"@id\":\"https:\\\/\\\/www.eacomsa.com\\\/comunicado-a-proveedores\\\/#breadcrumb\",\"itemListElement\":[{\"@type\":\"ListItem\",\"position\":1,\"name\":\"Portada\",\"item\":\"https:\\\/\\\/www.eacomsa.com\\\/\"},{\"@type\":\"ListItem\",\"position\":2,\"name\":\"Comunicado a proveedores\"}]},{\"@type\":\"WebSite\",\"@id\":\"https:\\\/\\\/www.eacomsa.com\\\/#website\",\"url\":\"https:\\\/\\\/www.eacomsa.com\\\/\",\"name\":\"Eacomsa.com\",\"description\":\"\",\"publisher\":{\"@id\":\"https:\\\/\\\/www.eacomsa.com\\\/#organization\"},\"potentialAction\":[{\"@type\":\"SearchAction\",\"target\":{\"@type\":\"EntryPoint\",\"urlTemplate\":\"https:\\\/\\\/www.eacomsa.com\\\/?s={search_term_string}\"},\"query-input\":{\"@type\":\"PropertyValueSpecification\",\"valueRequired\":true,\"valueName\":\"search_term_string\"}}],\"inLanguage\":\"ca\"},{\"@type\":\"Organization\",\"@id\":\"https:\\\/\\\/www.eacomsa.com\\\/#organization\",\"name\":\"EACOM\",\"url\":\"https:\\\/\\\/www.eacomsa.com\\\/\",\"logo\":{\"@type\":\"ImageObject\",\"inLanguage\":\"ca\",\"@id\":\"https:\\\/\\\/www.eacomsa.com\\\/#\\\/schema\\\/logo\\\/image\\\/\",\"url\":\"https:\\\/\\\/www.eacomsa.com\\\/wp-content\\\/uploads\\\/2026\\\/01\\\/Eacom-degradado.webp\",\"contentUrl\":\"https:\\\/\\\/www.eacomsa.com\\\/wp-content\\\/uploads\\\/2026\\\/01\\\/Eacom-degradado.webp\",\"width\":853,\"height\":181,\"caption\":\"EACOM\"},\"image\":{\"@id\":\"https:\\\/\\\/www.eacomsa.com\\\/#\\\/schema\\\/logo\\\/image\\\/\"}}]}<\/script>\n<!-- \/ Yoast SEO plugin. -->","yoast_head_json":{"title":"Comunicado a proveedores - EACOM","robots":{"index":"index","follow":"follow","max-snippet":"max-snippet:-1","max-image-preview":"max-image-preview:large","max-video-preview":"max-video-preview:-1"},"canonical":"https:\/\/www.eacomsa.com\/ca\/comunicado-a-proveedores\/","og_locale":"ca_ES","og_type":"article","og_title":"Comunicado a proveedores - EACOM","og_description":"Mediante el presente comunicado, se informa a nuestros proveedores de la metodolog\u00eda empleada en EACOM S.A., para el control y seguimiento del desempe\u00f1o del Proveedor externo. Esta metodolog\u00eda est\u00e1 recogida en el Procedimiento PR-012 (\u201cGesti\u00f3n de Proveedores\u201d) y consiste en una evaluaci\u00f3n inicial previa y en un seguimiento peri\u00f3dico (con car\u00e1cter anual). La evaluaci\u00f3n previa [&hellip;]","og_url":"https:\/\/www.eacomsa.com\/ca\/comunicado-a-proveedores\/","og_site_name":"EACOM","article_modified_time":"2026-01-27T02:22:52+00:00","twitter_card":"summary_large_image","twitter_misc":{"Temps estimat de lectura":"2 minuts"},"schema":{"@context":"https:\/\/schema.org","@graph":[{"@type":"WebPage","@id":"https:\/\/www.eacomsa.com\/comunicado-a-proveedores\/","url":"https:\/\/www.eacomsa.com\/comunicado-a-proveedores\/","name":"Comunicado a proveedores - EACOM","isPartOf":{"@id":"https:\/\/www.eacomsa.com\/#website"},"datePublished":"2026-01-26T18:41:36+00:00","dateModified":"2026-01-27T02:22:52+00:00","breadcrumb":{"@id":"https:\/\/www.eacomsa.com\/comunicado-a-proveedores\/#breadcrumb"},"inLanguage":"ca","potentialAction":[{"@type":"ReadAction","target":["https:\/\/www.eacomsa.com\/comunicado-a-proveedores\/"]}]},{"@type":"BreadcrumbList","@id":"https:\/\/www.eacomsa.com\/comunicado-a-proveedores\/#breadcrumb","itemListElement":[{"@type":"ListItem","position":1,"name":"Portada","item":"https:\/\/www.eacomsa.com\/"},{"@type":"ListItem","position":2,"name":"Comunicado a proveedores"}]},{"@type":"WebSite","@id":"https:\/\/www.eacomsa.com\/#website","url":"https:\/\/www.eacomsa.com\/","name":"Eacomsa.com","description":"","publisher":{"@id":"https:\/\/www.eacomsa.com\/#organization"},"potentialAction":[{"@type":"SearchAction","target":{"@type":"EntryPoint","urlTemplate":"https:\/\/www.eacomsa.com\/?s={search_term_string}"},"query-input":{"@type":"PropertyValueSpecification","valueRequired":true,"valueName":"search_term_string"}}],"inLanguage":"ca"},{"@type":"Organization","@id":"https:\/\/www.eacomsa.com\/#organization","name":"EACOM","url":"https:\/\/www.eacomsa.com\/","logo":{"@type":"ImageObject","inLanguage":"ca","@id":"https:\/\/www.eacomsa.com\/#\/schema\/logo\/image\/","url":"https:\/\/www.eacomsa.com\/wp-content\/uploads\/2026\/01\/Eacom-degradado.webp","contentUrl":"https:\/\/www.eacomsa.com\/wp-content\/uploads\/2026\/01\/Eacom-degradado.webp","width":853,"height":181,"caption":"EACOM"},"image":{"@id":"https:\/\/www.eacomsa.com\/#\/schema\/logo\/image\/"}}]}},"_links":{"self":[{"href":"https:\/\/www.eacomsa.com\/ca\/wp-json\/wp\/v2\/pages\/949","targetHints":{"allow":["GET"]}}],"collection":[{"href":"https:\/\/www.eacomsa.com\/ca\/wp-json\/wp\/v2\/pages"}],"about":[{"href":"https:\/\/www.eacomsa.com\/ca\/wp-json\/wp\/v2\/types\/page"}],"author":[{"embeddable":true,"href":"https:\/\/www.eacomsa.com\/ca\/wp-json\/wp\/v2\/users\/2"}],"replies":[{"embeddable":true,"href":"https:\/\/www.eacomsa.com\/ca\/wp-json\/wp\/v2\/comments?post=949"}],"version-history":[{"count":1,"href":"https:\/\/www.eacomsa.com\/ca\/wp-json\/wp\/v2\/pages\/949\/revisions"}],"predecessor-version":[{"id":950,"href":"https:\/\/www.eacomsa.com\/ca\/wp-json\/wp\/v2\/pages\/949\/revisions\/950"}],"wp:attachment":[{"href":"https:\/\/www.eacomsa.com\/ca\/wp-json\/wp\/v2\/media?parent=949"}],"curies":[{"name":"wp","href":"https:\/\/api.w.org\/{rel}","templated":true}]}}