{"id":941,"date":"2026-01-26T19:22:59","date_gmt":"2026-01-26T18:22:59","guid":{"rendered":"https:\/\/www.eacomsa.com\/?page_id=941"},"modified":"2026-01-27T03:23:44","modified_gmt":"2026-01-27T02:23:44","slug":"huella-de-carbono","status":"publish","type":"page","link":"https:\/\/www.eacomsa.com\/ca\/huella-de-carbono\/","title":{"rendered":"Petjada de carboni"},"content":{"rendered":"<p>El nostre prop\u00f2sit \u00e9s contribuir al bon desenvolupament sostenible de projectes p\u00fablics o privats<br>mitjan\u00e7ant el coneixement. l\u2019experi\u00e8ncia i els nostres professionals en gesti\u00f3 de projectes d\u2019enginyeria i consultoria.<\/p>\n\n\n\n<p>El c\u00e0lcul de la petjada de carboni d\u2019EACOM compr\u00e8n els valors de les oficines ubicades al carrer Berruguete 60 (Barcelona), aix\u00ed com la flota de vehicles pr\u00f2pia.<\/p>\n\n\n\n<figure class=\"wp-block-image size-large\"><img fetchpriority=\"high\" decoding=\"async\" width=\"1024\" height=\"152\" src=\"https:\/\/www.eacomsa.com\/wp-content\/uploads\/2026\/01\/Captura-de-pantalla-2026-01-26-122437-1024x152.png\" alt=\"\" class=\"wp-image-946\" srcset=\"https:\/\/www.eacomsa.com\/wp-content\/uploads\/2026\/01\/Captura-de-pantalla-2026-01-26-122437-1024x152.png 1024w, https:\/\/www.eacomsa.com\/wp-content\/uploads\/2026\/01\/Captura-de-pantalla-2026-01-26-122437-300x45.png 300w, https:\/\/www.eacomsa.com\/wp-content\/uploads\/2026\/01\/Captura-de-pantalla-2026-01-26-122437-768x114.png 768w, https:\/\/www.eacomsa.com\/wp-content\/uploads\/2026\/01\/Captura-de-pantalla-2026-01-26-122437.png 1189w\" sizes=\"(max-width: 1024px) 100vw, 1024px\" \/><\/figure>\n\n\n\n<p>Bases de c\u00e0lcul de la petjada de carbonid\u2019EACOM<\/p>\n\n\n\n<figure class=\"wp-block-table\"><table class=\"has-fixed-layout\"><tbody><tr><td><strong>Criteris a definir<br><\/strong><\/td><td><strong>Definici\u00f3 dels criteris utilitzats en el c\u00e0lcul<br><\/strong><\/td><\/tr><tr><td>Definici\u00f3 dels l\u00edmits de l\u2019organitzaci\u00f3<br><\/td><td>Oficines d\u2019EACOM S.A. a Berruguete 60, Barcelona,<br>i flota pr\u00f2pia de vehicles.<\/td><\/tr><tr><td>Definici\u00f3 de l\u2019enfocament de consolidaci\u00f3<\/td><td>Participaci\u00f3: l\u2019organitzaci\u00f3 rendeix comptes de la seva part de les<br>emissions i\/o remocions de GEH de les respectives<br>instal\u00b7lacions.<\/td><\/tr><tr><td>Definici\u00f3 dels l\u00edmits d\u2019informe<br>a) emissions i remocions directes de GEH;<br>b) emissions indirectes de GEH per energia importada;<br>; c) emissions indirectes de GEH per transport;<br>d) emissions indirectes de GEH per productes utilitzats per l\u2019<br>organitzaci\u00f3;<br>e) emissions indirectes de GEH associades a l\u2019\u00fas de productes<br>de l\u2019organitzaci\u00f3;<br>f) emissions indirectes de GEH per altres fonts.<br><\/td><td>Nom\u00e9s es consideraran:<br>a) emissions i remocions directes de GEH;<br>b) emissions indirectes de GEH per energia importada;<\/td><\/tr><tr><td>Selecci\u00f3 de l\u2019enfocament de quantificaci\u00f3<br><\/td><td>Petjada de carboni = Dada d\u2019activitat \u00d7 Factor d\u2019emissi\u00f3. <\/td><\/tr><tr><td>Abasts a contemplar en el c\u00e0lcul de la petjada de<br>EACOM S.A.<br>abast 1: emissions directes de GEH provinents de la<br>combusti\u00f3 en calderes, forns, despla\u00e7ament de vehicles<br>propis i les fuites d\u2019equips de climatitzaci\u00f3\/refrigeraci\u00f3;<br>abast 2: emissions indirectes de GEH associades a la generaci\u00f3<br>d\u2019electricitat adquirida i consumida per l\u2019organitzaci\u00f3;<br>abast 3: altres emissions indirectes derivades d\u2019activitats de<br>producci\u00f3, log\u00edstica o comercialitzaci\u00f3 de l\u2019organitzaci\u00f3<br>realitzades per tercers, viatges de treball mitjan\u00e7ant mitjans<br>externs o utilitzaci\u00f3 de productes o serveis oferts per<br>altres.<\/td><td>Nom\u00e9s es consideraran:<br>Nom\u00e9s es consideraran: abast 1: emissions directes de GEH provinents<br>del despla\u00e7ament de vehicles propis<br>i de les fuites d\u2019equips de climatitzaci\u00f3\/refrigeraci\u00f3;<br>abast 2: emissions indirectes de GEH associades a la generaci\u00f3<br>d\u2019electricitat adquirida i consumida per l\u2019organitzaci\u00f3;<\/td><\/tr><tr><td>Definici\u00f3 de les fonts de gasos d\u2019efecte hivernacle<br>EACOM S.A.<br><\/td><td>Consums de combustibles de fonts m\u00f2bils (vehicles),<br>fuites de gasos refrigerants,<br>consum d\u2019electricitat.<\/td><\/tr><tr><td>Factors d\u2019emissi\u00f3 a considerar<\/td><td>Factors d\u2019emissi\u00f3 corresponents a l\u2019any 2024, edici\u00f3 maig<br>2025.<br>MINISTERI per a la Transici\u00f3 Ecol\u00f2gica i el Repte<br>Demogr\u00e0fic.<\/td><\/tr><tr><td>Selecci\u00f3 de les dades que s\u2019utilitzaran per a la quantificaci\u00f3<\/td><td>Producci\u00f3: nombre d\u2019hores dedicades a producci\u00f3.<\/td><\/tr><tr><td>Selecci\u00f3 de l\u2019any base a utilitzar<\/td><td>Any 2024<\/td><\/tr><tr><td>Any base anteriors<\/td><td>Any 2023<\/td><\/tr><tr><td>Justificaci\u00f3 del canvi d\u2019any base<br><br><br><\/td><td>Es considera que hi ha hagut canvis significatius des de 2020<br>respecte de la variable considerada (nombre d\u2019hores dedicades a<br>producci\u00f3).<br>El 2024 hi ha hagut un increment significatiu de l\u2019activitat,<br>, tant en personal\/hores de producci\u00f3 com en facturaci\u00f3,<br>respecte de 2023.<\/td><\/tr><tr><td>Definici\u00f3 del model de quantificaci\u00f3 de GEH<\/td><td>C\u00e0lcul propi a partir de les dades oficials i la metodologia de<br>la Norma UNE\u2011EN ISO 14064-1 (octubre 2019), Gasos d\u2019efecte<br>d\u2019efecte hivernacle. Part 1: Especificaci\u00f3 amb orientaci\u00f3, a nivell de<br>les organitzacions, per a la quantificaci\u00f3 i l\u2019informe de les<br>emissions i remocions de gasos d\u2019efecte hivernacle.<\/td><\/tr><\/tbody><\/table><\/figure>\n\n\n\n<p>FONTS DELS FACTORS D\u2019EMISSI\u00d3<\/p>\n\n\n\n<p>Espanya, MITECO, factoresemision_tcm30\u2011542746, ed. juny 2025.<\/p>","protected":false},"excerpt":{"rendered":"<p>Nuestro prop\u00f3sito es contribuir al buen desarrollo sostenible de proyectos p\u00fablicos o privados,a trav\u00e9s del conocimiento, la experiencia y nuestros profesionales en gesti\u00f3n de proyectos de ingenier\u00eda y consultor\u00eda. \u200bEl c\u00e1lculo de la huella de carbono de EACOM comprende los valores de las oficinas ubicadas en Calle de de Berruguete 60 (Barcelona), as\u00ed como la [&hellip;]<\/p>\n","protected":false},"author":2,"featured_media":0,"parent":0,"menu_order":0,"comment_status":"closed","ping_status":"closed","template":"","meta":{"footnotes":""},"class_list":["post-941","page","type-page","status-publish","hentry","entry"],"yoast_head":"<!-- This site is optimized with the Yoast SEO plugin v27.5 - https:\/\/yoast.com\/product\/yoast-seo-wordpress\/ -->\n<title>Huella de carbono - EACOM<\/title>\n<meta name=\"robots\" content=\"index, follow, max-snippet:-1, max-image-preview:large, max-video-preview:-1\" \/>\n<link rel=\"canonical\" href=\"https:\/\/www.eacomsa.com\/ca\/huella-de-carbono\/\" \/>\n<meta property=\"og:locale\" content=\"ca_ES\" \/>\n<meta property=\"og:type\" content=\"article\" \/>\n<meta property=\"og:title\" content=\"Huella de carbono - EACOM\" \/>\n<meta property=\"og:description\" content=\"Nuestro prop\u00f3sito es contribuir al buen desarrollo sostenible de proyectos p\u00fablicos o privados,a trav\u00e9s del conocimiento, la experiencia y nuestros profesionales en gesti\u00f3n de proyectos de ingenier\u00eda y consultor\u00eda. \u200bEl c\u00e1lculo de la huella de carbono de EACOM comprende los valores de las oficinas ubicadas en Calle de de Berruguete 60 (Barcelona), as\u00ed como la [&hellip;]\" \/>\n<meta property=\"og:url\" content=\"https:\/\/www.eacomsa.com\/ca\/huella-de-carbono\/\" \/>\n<meta property=\"og:site_name\" content=\"EACOM\" \/>\n<meta property=\"article:modified_time\" content=\"2026-01-27T02:23:44+00:00\" \/>\n<meta property=\"og:image\" content=\"https:\/\/www.eacomsa.com\/wp-content\/uploads\/2026\/01\/Captura-de-pantalla-2026-01-26-122437.png\" \/>\n\t<meta property=\"og:image:width\" content=\"1189\" \/>\n\t<meta property=\"og:image:height\" content=\"177\" \/>\n\t<meta property=\"og:image:type\" content=\"image\/png\" \/>\n<meta name=\"twitter:card\" content=\"summary_large_image\" \/>\n<meta name=\"twitter:label1\" content=\"Temps estimat de lectura\" \/>\n\t<meta name=\"twitter:data1\" content=\"3 minuts\" \/>\n<script type=\"application\/ld+json\" class=\"yoast-schema-graph\">{\"@context\":\"https:\\\/\\\/schema.org\",\"@graph\":[{\"@type\":\"WebPage\",\"@id\":\"https:\\\/\\\/www.eacomsa.com\\\/huella-de-carbono\\\/\",\"url\":\"https:\\\/\\\/www.eacomsa.com\\\/huella-de-carbono\\\/\",\"name\":\"Huella de carbono - EACOM\",\"isPartOf\":{\"@id\":\"https:\\\/\\\/www.eacomsa.com\\\/#website\"},\"primaryImageOfPage\":{\"@id\":\"https:\\\/\\\/www.eacomsa.com\\\/huella-de-carbono\\\/#primaryimage\"},\"image\":{\"@id\":\"https:\\\/\\\/www.eacomsa.com\\\/huella-de-carbono\\\/#primaryimage\"},\"thumbnailUrl\":\"https:\\\/\\\/www.eacomsa.com\\\/wp-content\\\/uploads\\\/2026\\\/01\\\/Captura-de-pantalla-2026-01-26-122437-1024x152.png\",\"datePublished\":\"2026-01-26T18:22:59+00:00\",\"dateModified\":\"2026-01-27T02:23:44+00:00\",\"breadcrumb\":{\"@id\":\"https:\\\/\\\/www.eacomsa.com\\\/huella-de-carbono\\\/#breadcrumb\"},\"inLanguage\":\"ca\",\"potentialAction\":[{\"@type\":\"ReadAction\",\"target\":[\"https:\\\/\\\/www.eacomsa.com\\\/huella-de-carbono\\\/\"]}]},{\"@type\":\"ImageObject\",\"inLanguage\":\"ca\",\"@id\":\"https:\\\/\\\/www.eacomsa.com\\\/huella-de-carbono\\\/#primaryimage\",\"url\":\"https:\\\/\\\/www.eacomsa.com\\\/wp-content\\\/uploads\\\/2026\\\/01\\\/Captura-de-pantalla-2026-01-26-122437-1024x152.png\",\"contentUrl\":\"https:\\\/\\\/www.eacomsa.com\\\/wp-content\\\/uploads\\\/2026\\\/01\\\/Captura-de-pantalla-2026-01-26-122437-1024x152.png\"},{\"@type\":\"BreadcrumbList\",\"@id\":\"https:\\\/\\\/www.eacomsa.com\\\/huella-de-carbono\\\/#breadcrumb\",\"itemListElement\":[{\"@type\":\"ListItem\",\"position\":1,\"name\":\"Portada\",\"item\":\"https:\\\/\\\/www.eacomsa.com\\\/\"},{\"@type\":\"ListItem\",\"position\":2,\"name\":\"Huella de carbono\"}]},{\"@type\":\"WebSite\",\"@id\":\"https:\\\/\\\/www.eacomsa.com\\\/#website\",\"url\":\"https:\\\/\\\/www.eacomsa.com\\\/\",\"name\":\"Eacomsa.com\",\"description\":\"\",\"publisher\":{\"@id\":\"https:\\\/\\\/www.eacomsa.com\\\/#organization\"},\"potentialAction\":[{\"@type\":\"SearchAction\",\"target\":{\"@type\":\"EntryPoint\",\"urlTemplate\":\"https:\\\/\\\/www.eacomsa.com\\\/?s={search_term_string}\"},\"query-input\":{\"@type\":\"PropertyValueSpecification\",\"valueRequired\":true,\"valueName\":\"search_term_string\"}}],\"inLanguage\":\"ca\"},{\"@type\":\"Organization\",\"@id\":\"https:\\\/\\\/www.eacomsa.com\\\/#organization\",\"name\":\"EACOM\",\"url\":\"https:\\\/\\\/www.eacomsa.com\\\/\",\"logo\":{\"@type\":\"ImageObject\",\"inLanguage\":\"ca\",\"@id\":\"https:\\\/\\\/www.eacomsa.com\\\/#\\\/schema\\\/logo\\\/image\\\/\",\"url\":\"https:\\\/\\\/www.eacomsa.com\\\/wp-content\\\/uploads\\\/2026\\\/01\\\/Eacom-degradado.webp\",\"contentUrl\":\"https:\\\/\\\/www.eacomsa.com\\\/wp-content\\\/uploads\\\/2026\\\/01\\\/Eacom-degradado.webp\",\"width\":853,\"height\":181,\"caption\":\"EACOM\"},\"image\":{\"@id\":\"https:\\\/\\\/www.eacomsa.com\\\/#\\\/schema\\\/logo\\\/image\\\/\"}}]}<\/script>\n<!-- \/ Yoast SEO plugin. -->","yoast_head_json":{"title":"Huella de carbono - EACOM","robots":{"index":"index","follow":"follow","max-snippet":"max-snippet:-1","max-image-preview":"max-image-preview:large","max-video-preview":"max-video-preview:-1"},"canonical":"https:\/\/www.eacomsa.com\/ca\/huella-de-carbono\/","og_locale":"ca_ES","og_type":"article","og_title":"Huella de carbono - EACOM","og_description":"Nuestro prop\u00f3sito es contribuir al buen desarrollo sostenible de proyectos p\u00fablicos o privados,a trav\u00e9s del conocimiento, la experiencia y nuestros profesionales en gesti\u00f3n de proyectos de ingenier\u00eda y consultor\u00eda. \u200bEl c\u00e1lculo de la huella de carbono de EACOM comprende los valores de las oficinas ubicadas en Calle de de Berruguete 60 (Barcelona), as\u00ed como la [&hellip;]","og_url":"https:\/\/www.eacomsa.com\/ca\/huella-de-carbono\/","og_site_name":"EACOM","article_modified_time":"2026-01-27T02:23:44+00:00","og_image":[{"width":1189,"height":177,"url":"https:\/\/www.eacomsa.com\/wp-content\/uploads\/2026\/01\/Captura-de-pantalla-2026-01-26-122437.png","type":"image\/png"}],"twitter_card":"summary_large_image","twitter_misc":{"Temps estimat de lectura":"3 minuts"},"schema":{"@context":"https:\/\/schema.org","@graph":[{"@type":"WebPage","@id":"https:\/\/www.eacomsa.com\/huella-de-carbono\/","url":"https:\/\/www.eacomsa.com\/huella-de-carbono\/","name":"Huella de carbono - EACOM","isPartOf":{"@id":"https:\/\/www.eacomsa.com\/#website"},"primaryImageOfPage":{"@id":"https:\/\/www.eacomsa.com\/huella-de-carbono\/#primaryimage"},"image":{"@id":"https:\/\/www.eacomsa.com\/huella-de-carbono\/#primaryimage"},"thumbnailUrl":"https:\/\/www.eacomsa.com\/wp-content\/uploads\/2026\/01\/Captura-de-pantalla-2026-01-26-122437-1024x152.png","datePublished":"2026-01-26T18:22:59+00:00","dateModified":"2026-01-27T02:23:44+00:00","breadcrumb":{"@id":"https:\/\/www.eacomsa.com\/huella-de-carbono\/#breadcrumb"},"inLanguage":"ca","potentialAction":[{"@type":"ReadAction","target":["https:\/\/www.eacomsa.com\/huella-de-carbono\/"]}]},{"@type":"ImageObject","inLanguage":"ca","@id":"https:\/\/www.eacomsa.com\/huella-de-carbono\/#primaryimage","url":"https:\/\/www.eacomsa.com\/wp-content\/uploads\/2026\/01\/Captura-de-pantalla-2026-01-26-122437-1024x152.png","contentUrl":"https:\/\/www.eacomsa.com\/wp-content\/uploads\/2026\/01\/Captura-de-pantalla-2026-01-26-122437-1024x152.png"},{"@type":"BreadcrumbList","@id":"https:\/\/www.eacomsa.com\/huella-de-carbono\/#breadcrumb","itemListElement":[{"@type":"ListItem","position":1,"name":"Portada","item":"https:\/\/www.eacomsa.com\/"},{"@type":"ListItem","position":2,"name":"Huella de carbono"}]},{"@type":"WebSite","@id":"https:\/\/www.eacomsa.com\/#website","url":"https:\/\/www.eacomsa.com\/","name":"Eacomsa.com","description":"","publisher":{"@id":"https:\/\/www.eacomsa.com\/#organization"},"potentialAction":[{"@type":"SearchAction","target":{"@type":"EntryPoint","urlTemplate":"https:\/\/www.eacomsa.com\/?s={search_term_string}"},"query-input":{"@type":"PropertyValueSpecification","valueRequired":true,"valueName":"search_term_string"}}],"inLanguage":"ca"},{"@type":"Organization","@id":"https:\/\/www.eacomsa.com\/#organization","name":"EACOM","url":"https:\/\/www.eacomsa.com\/","logo":{"@type":"ImageObject","inLanguage":"ca","@id":"https:\/\/www.eacomsa.com\/#\/schema\/logo\/image\/","url":"https:\/\/www.eacomsa.com\/wp-content\/uploads\/2026\/01\/Eacom-degradado.webp","contentUrl":"https:\/\/www.eacomsa.com\/wp-content\/uploads\/2026\/01\/Eacom-degradado.webp","width":853,"height":181,"caption":"EACOM"},"image":{"@id":"https:\/\/www.eacomsa.com\/#\/schema\/logo\/image\/"}}]}},"_links":{"self":[{"href":"https:\/\/www.eacomsa.com\/ca\/wp-json\/wp\/v2\/pages\/941","targetHints":{"allow":["GET"]}}],"collection":[{"href":"https:\/\/www.eacomsa.com\/ca\/wp-json\/wp\/v2\/pages"}],"about":[{"href":"https:\/\/www.eacomsa.com\/ca\/wp-json\/wp\/v2\/types\/page"}],"author":[{"embeddable":true,"href":"https:\/\/www.eacomsa.com\/ca\/wp-json\/wp\/v2\/users\/2"}],"replies":[{"embeddable":true,"href":"https:\/\/www.eacomsa.com\/ca\/wp-json\/wp\/v2\/comments?post=941"}],"version-history":[{"count":4,"href":"https:\/\/www.eacomsa.com\/ca\/wp-json\/wp\/v2\/pages\/941\/revisions"}],"predecessor-version":[{"id":948,"href":"https:\/\/www.eacomsa.com\/ca\/wp-json\/wp\/v2\/pages\/941\/revisions\/948"}],"wp:attachment":[{"href":"https:\/\/www.eacomsa.com\/ca\/wp-json\/wp\/v2\/media?parent=941"}],"curies":[{"name":"wp","href":"https:\/\/api.w.org\/{rel}","templated":true}]}}