{"id":855,"date":"2026-01-23T17:52:22","date_gmt":"2026-01-23T16:52:22","guid":{"rendered":"https:\/\/www.eacomsa.com\/?page_id=855"},"modified":"2026-04-28T16:51:41","modified_gmt":"2026-04-28T14:51:41","slug":"politica-de-calidad-y-medioambiente","status":"publish","type":"page","link":"https:\/\/www.eacomsa.com\/ca\/politica-de-calidad-y-medioambiente\/","title":{"rendered":"Pol\u00edtica de qualitat i medi ambient"},"content":{"rendered":"<h1 class=\"wp-block-heading\">La Direcci\u00f3 d\u2019EACOM S.A., empresa dedicada a la prestaci\u00f3 de serveis d\u2019enginyeria, ha definit els principis seg\u00fcents amb l\u2019objectiu de deixar const\u00e0ncia del posicionament de la nostra empresa pel que fa a la qualitat i al medi ambient:<\/h1>\n\n\n\n<p>\u200b<\/p>\n\n\n\n<ul class=\"wp-block-list\">\n<li>Satisfacci\u00f3 de les necessitats productives i empresarials dels nostres clients, aix\u00ed com del compliment dels requisits legals i reglamentaris aplicables.<\/li>\n\n\n\n<li>Crear un entorn de treball agradable amb la implicaci\u00f3 de tot el personal, fomentant la formaci\u00f3, l\u2019actualitzaci\u00f3, la sensibilitzaci\u00f3 i la motivaci\u00f3.<\/li>\n\n\n\n<li>Promoure la participaci\u00f3 interna mitjan\u00e7ant el treball en equip i l\u2019aportaci\u00f3 de suggeriments.<\/li>\n\n\n\n<li>Aconseguir la m\u00e0xima satisfacci\u00f3 i motivaci\u00f3 del client intern i extern.<\/li>\n\n\n\n<li>Millora cont\u00ednua de l\u2019efic\u00e0cia del sistema de gesti\u00f3 de la qualitat i del medi ambient.<\/li>\n\n\n\n<li>Establir uns objectius i unes metes coherents amb els prop\u00f2sits de l\u2019empresa.<\/li>\n\n\n\n<li>Complir els requisits legals aplicables i altres requisits que EACOM S.A. subscrigui.<\/li>\n\n\n\n<li>Preservar la confidencialitat de la informaci\u00f3 i de les dades dels nostres clients.<\/li>\n\n\n\n<li>Garantir la seguretat t\u00e8cnica dels nostres clients i col\u00b7laboradors.<\/li>\n\n\n\n<li>Assegurar un comportament \u00e8tic en totes les nostres actuacions.<\/li>\n\n\n\n<li>Comprom\u00eds amb la societat i amb el medi ambient.<\/li>\n\n\n\n<li>Comprom\u00eds de prevenir la contaminaci\u00f3 que puguem ocasionar al medi ambient, aix\u00ed com de complir la legislaci\u00f3 medioambiental vigent.<\/li>\n\n\n\n<li>Aquesta pol\u00edtica de qualitat i medi ambient proporciona el marc de refer\u00e8ncia per establir i revisar els objectius anuals.<\/li>\n<\/ul>\n\n\n\n<p>La Direcci\u00f3 d\u2019EACOM S.A. \u00e9s responsable de comunicar aquesta pol\u00edtica a tots els nivells de l\u2019empresa i de revisar-la de manera cont\u00ednua perqu\u00e8 s\u2019adeq\u00fci sempre al prop\u00f2sit de l\u2019organitzaci\u00f3 i contribueixi a consolidar EACOM S.A. com una empresa que afronta el futur amb garanties.<\/p>","protected":false},"excerpt":{"rendered":"<p>La direcci\u00f3n de EACOM S.A., empresa dedicada a prestar servicios de ingenier\u00eda, ha definido los siguientes principios, con el objeto de documentar el posicionamiento de nuestra empresa respecto a la calidad y el medioambiente: \u200b La Direcci\u00f3n de EACOM S.A. es responsable de comunicar esta pol\u00edtica a todos los niveles de la empresa y de [&hellip;]<\/p>\n","protected":false},"author":2,"featured_media":0,"parent":0,"menu_order":0,"comment_status":"closed","ping_status":"closed","template":"","meta":{"footnotes":""},"class_list":["post-855","page","type-page","status-publish","hentry","entry"],"yoast_head":"<!-- This site is optimized with the Yoast SEO plugin v27.5 - https:\/\/yoast.com\/product\/yoast-seo-wordpress\/ -->\n<title>Pol\u00edtica de calidad y medio ambiente - EACOM<\/title>\n<meta name=\"robots\" content=\"index, follow, max-snippet:-1, max-image-preview:large, max-video-preview:-1\" \/>\n<link rel=\"canonical\" href=\"https:\/\/www.eacomsa.com\/ca\/politica-de-calidad-y-medioambiente\/\" \/>\n<meta property=\"og:locale\" content=\"ca_ES\" \/>\n<meta property=\"og:type\" content=\"article\" \/>\n<meta property=\"og:title\" content=\"Pol\u00edtica de calidad y medio ambiente - EACOM\" \/>\n<meta property=\"og:description\" content=\"La direcci\u00f3n de EACOM S.A., empresa dedicada a prestar servicios de ingenier\u00eda, ha definido los siguientes principios, con el objeto de documentar el posicionamiento de nuestra empresa respecto a la calidad y el medioambiente: \u200b La Direcci\u00f3n de EACOM S.A. es responsable de comunicar esta pol\u00edtica a todos los niveles de la empresa y de [&hellip;]\" \/>\n<meta property=\"og:url\" content=\"https:\/\/www.eacomsa.com\/ca\/politica-de-calidad-y-medioambiente\/\" \/>\n<meta property=\"og:site_name\" content=\"EACOM\" \/>\n<meta property=\"article:modified_time\" content=\"2026-04-28T14:51:41+00:00\" \/>\n<meta name=\"twitter:card\" content=\"summary_large_image\" \/>\n<meta name=\"twitter:label1\" content=\"Temps estimat de lectura\" \/>\n\t<meta name=\"twitter:data1\" content=\"1 minut\" \/>\n<script type=\"application\/ld+json\" class=\"yoast-schema-graph\">{\"@context\":\"https:\\\/\\\/schema.org\",\"@graph\":[{\"@type\":\"WebPage\",\"@id\":\"https:\\\/\\\/www.eacomsa.com\\\/politica-de-calidad-y-medioambiente\\\/\",\"url\":\"https:\\\/\\\/www.eacomsa.com\\\/politica-de-calidad-y-medioambiente\\\/\",\"name\":\"Pol\u00edtica de calidad y medio ambiente - EACOM\",\"isPartOf\":{\"@id\":\"https:\\\/\\\/www.eacomsa.com\\\/#website\"},\"datePublished\":\"2026-01-23T16:52:22+00:00\",\"dateModified\":\"2026-04-28T14:51:41+00:00\",\"breadcrumb\":{\"@id\":\"https:\\\/\\\/www.eacomsa.com\\\/politica-de-calidad-y-medioambiente\\\/#breadcrumb\"},\"inLanguage\":\"ca\",\"potentialAction\":[{\"@type\":\"ReadAction\",\"target\":[\"https:\\\/\\\/www.eacomsa.com\\\/politica-de-calidad-y-medioambiente\\\/\"]}]},{\"@type\":\"BreadcrumbList\",\"@id\":\"https:\\\/\\\/www.eacomsa.com\\\/politica-de-calidad-y-medioambiente\\\/#breadcrumb\",\"itemListElement\":[{\"@type\":\"ListItem\",\"position\":1,\"name\":\"Portada\",\"item\":\"https:\\\/\\\/www.eacomsa.com\\\/\"},{\"@type\":\"ListItem\",\"position\":2,\"name\":\"Pol\u00edtica de calidad y medio ambiente\"}]},{\"@type\":\"WebSite\",\"@id\":\"https:\\\/\\\/www.eacomsa.com\\\/#website\",\"url\":\"https:\\\/\\\/www.eacomsa.com\\\/\",\"name\":\"Eacomsa.com\",\"description\":\"\",\"publisher\":{\"@id\":\"https:\\\/\\\/www.eacomsa.com\\\/#organization\"},\"potentialAction\":[{\"@type\":\"SearchAction\",\"target\":{\"@type\":\"EntryPoint\",\"urlTemplate\":\"https:\\\/\\\/www.eacomsa.com\\\/?s={search_term_string}\"},\"query-input\":{\"@type\":\"PropertyValueSpecification\",\"valueRequired\":true,\"valueName\":\"search_term_string\"}}],\"inLanguage\":\"ca\"},{\"@type\":\"Organization\",\"@id\":\"https:\\\/\\\/www.eacomsa.com\\\/#organization\",\"name\":\"EACOM\",\"url\":\"https:\\\/\\\/www.eacomsa.com\\\/\",\"logo\":{\"@type\":\"ImageObject\",\"inLanguage\":\"ca\",\"@id\":\"https:\\\/\\\/www.eacomsa.com\\\/#\\\/schema\\\/logo\\\/image\\\/\",\"url\":\"https:\\\/\\\/www.eacomsa.com\\\/wp-content\\\/uploads\\\/2026\\\/01\\\/Eacom-degradado.webp\",\"contentUrl\":\"https:\\\/\\\/www.eacomsa.com\\\/wp-content\\\/uploads\\\/2026\\\/01\\\/Eacom-degradado.webp\",\"width\":853,\"height\":181,\"caption\":\"EACOM\"},\"image\":{\"@id\":\"https:\\\/\\\/www.eacomsa.com\\\/#\\\/schema\\\/logo\\\/image\\\/\"}}]}<\/script>\n<!-- \/ Yoast SEO plugin. -->","yoast_head_json":{"title":"Pol\u00edtica de calidad y medio ambiente - EACOM","robots":{"index":"index","follow":"follow","max-snippet":"max-snippet:-1","max-image-preview":"max-image-preview:large","max-video-preview":"max-video-preview:-1"},"canonical":"https:\/\/www.eacomsa.com\/ca\/politica-de-calidad-y-medioambiente\/","og_locale":"ca_ES","og_type":"article","og_title":"Pol\u00edtica de calidad y medio ambiente - EACOM","og_description":"La direcci\u00f3n de EACOM S.A., empresa dedicada a prestar servicios de ingenier\u00eda, ha definido los siguientes principios, con el objeto de documentar el posicionamiento de nuestra empresa respecto a la calidad y el medioambiente: \u200b La Direcci\u00f3n de EACOM S.A. es responsable de comunicar esta pol\u00edtica a todos los niveles de la empresa y de [&hellip;]","og_url":"https:\/\/www.eacomsa.com\/ca\/politica-de-calidad-y-medioambiente\/","og_site_name":"EACOM","article_modified_time":"2026-04-28T14:51:41+00:00","twitter_card":"summary_large_image","twitter_misc":{"Temps estimat de lectura":"1 minut"},"schema":{"@context":"https:\/\/schema.org","@graph":[{"@type":"WebPage","@id":"https:\/\/www.eacomsa.com\/politica-de-calidad-y-medioambiente\/","url":"https:\/\/www.eacomsa.com\/politica-de-calidad-y-medioambiente\/","name":"Pol\u00edtica de calidad y medio ambiente - EACOM","isPartOf":{"@id":"https:\/\/www.eacomsa.com\/#website"},"datePublished":"2026-01-23T16:52:22+00:00","dateModified":"2026-04-28T14:51:41+00:00","breadcrumb":{"@id":"https:\/\/www.eacomsa.com\/politica-de-calidad-y-medioambiente\/#breadcrumb"},"inLanguage":"ca","potentialAction":[{"@type":"ReadAction","target":["https:\/\/www.eacomsa.com\/politica-de-calidad-y-medioambiente\/"]}]},{"@type":"BreadcrumbList","@id":"https:\/\/www.eacomsa.com\/politica-de-calidad-y-medioambiente\/#breadcrumb","itemListElement":[{"@type":"ListItem","position":1,"name":"Portada","item":"https:\/\/www.eacomsa.com\/"},{"@type":"ListItem","position":2,"name":"Pol\u00edtica de calidad y medio ambiente"}]},{"@type":"WebSite","@id":"https:\/\/www.eacomsa.com\/#website","url":"https:\/\/www.eacomsa.com\/","name":"Eacomsa.com","description":"","publisher":{"@id":"https:\/\/www.eacomsa.com\/#organization"},"potentialAction":[{"@type":"SearchAction","target":{"@type":"EntryPoint","urlTemplate":"https:\/\/www.eacomsa.com\/?s={search_term_string}"},"query-input":{"@type":"PropertyValueSpecification","valueRequired":true,"valueName":"search_term_string"}}],"inLanguage":"ca"},{"@type":"Organization","@id":"https:\/\/www.eacomsa.com\/#organization","name":"EACOM","url":"https:\/\/www.eacomsa.com\/","logo":{"@type":"ImageObject","inLanguage":"ca","@id":"https:\/\/www.eacomsa.com\/#\/schema\/logo\/image\/","url":"https:\/\/www.eacomsa.com\/wp-content\/uploads\/2026\/01\/Eacom-degradado.webp","contentUrl":"https:\/\/www.eacomsa.com\/wp-content\/uploads\/2026\/01\/Eacom-degradado.webp","width":853,"height":181,"caption":"EACOM"},"image":{"@id":"https:\/\/www.eacomsa.com\/#\/schema\/logo\/image\/"}}]}},"_links":{"self":[{"href":"https:\/\/www.eacomsa.com\/ca\/wp-json\/wp\/v2\/pages\/855","targetHints":{"allow":["GET"]}}],"collection":[{"href":"https:\/\/www.eacomsa.com\/ca\/wp-json\/wp\/v2\/pages"}],"about":[{"href":"https:\/\/www.eacomsa.com\/ca\/wp-json\/wp\/v2\/types\/page"}],"author":[{"embeddable":true,"href":"https:\/\/www.eacomsa.com\/ca\/wp-json\/wp\/v2\/users\/2"}],"replies":[{"embeddable":true,"href":"https:\/\/www.eacomsa.com\/ca\/wp-json\/wp\/v2\/comments?post=855"}],"version-history":[{"count":2,"href":"https:\/\/www.eacomsa.com\/ca\/wp-json\/wp\/v2\/pages\/855\/revisions"}],"predecessor-version":[{"id":940,"href":"https:\/\/www.eacomsa.com\/ca\/wp-json\/wp\/v2\/pages\/855\/revisions\/940"}],"wp:attachment":[{"href":"https:\/\/www.eacomsa.com\/ca\/wp-json\/wp\/v2\/media?parent=855"}],"curies":[{"name":"wp","href":"https:\/\/api.w.org\/{rel}","templated":true}]}}