{"id":853,"date":"2026-01-23T17:52:05","date_gmt":"2026-01-23T16:52:05","guid":{"rendered":"https:\/\/www.eacomsa.com\/?page_id=853"},"modified":"2026-01-27T11:53:17","modified_gmt":"2026-01-27T10:53:17","slug":"aviso-legal","status":"publish","type":"page","link":"https:\/\/www.eacomsa.com\/ca\/aviso-legal\/","title":{"rendered":"Av\u00eds legal"},"content":{"rendered":"<p><strong>Objecte social.<\/strong>&nbsp;EACOM Enginyers i consultors S.A. (d\u2019ara endavant, EACOM SA) \u00e9s una societat privada consultora de serveis i activitats d\u2019enginyeria.<\/p>\n\n\n\n<p>\u200b<\/p>\n\n\n\n<p><strong>Identificaci\u00f3.<\/strong>En compliment del deure d\u2019informaci\u00f3 recollit a l\u2019article 10 de la Llei 34\/2002, d\u201911 de juliol, de serveis de la societat de la informaci\u00f3 i de comer\u00e7 electr\u00f2nic, les dades que es consignen a continuaci\u00f3 corresponen a l\u2019entitat titular del lloc web eacomsa.com.<\/p>\n\n\n\n<p>\u200b<\/p>\n\n\n\n<p><strong>Denominaci\u00f3:<\/strong>&nbsp;EACOM Enginyers i consultors S.A.<\/p>\n\n\n\n<p><strong>Domicili<\/strong>&nbsp;c\/ Berruguete 60-62, 08035 Barcelona.<\/p>\n\n\n\n<p><strong>Tel\u00e8fon:<\/strong>&nbsp;93 212 35 95<\/p>\n\n\n\n<p><strong>Correu electr\u00f2nic:<\/strong>&nbsp;<a href=\"mailto:eacom@eacomsa.com\">eacom@eacomsa.com<\/a><\/p>\n\n\n\n<p><strong>CIF:<\/strong>&nbsp;A60997665<\/p>\n\n\n\n<p><strong>Inscripci\u00f3 registral:&nbsp;<\/strong>Inscrita al Registre Mercantil de Barcelona, Tom 29430, Foli 116, Full B-150464, inscripci\u00f3 1a.<\/p>\n\n\n\n<p><strong>Propietat intel\u00b7lectual i industrial&nbsp;<\/strong>Els drets de propietat industrial i intel\u00b7lectual de la totalitat dels elements continguts en aquest lloc web, inclosos els formats, dissenys gr\u00e0fics, textos, imatges, marques i noms comercials, pertanyen a EACOM SA, a tercers o es troben lliures de qualsevol dret de car\u00e0cter personal o patrimonial.\nEn qualsevol cas, EACOM SA ostenta els corresponents drets (incl\u00f2s el dret de comunicaci\u00f3 p\u00fablica) sobre la totalitat dels elements continguts en aquest lloc web.\nEs prohibeix expressament la reproducci\u00f3 total o parcial d\u2019aquest lloc web i del seu contingut (sens perjudici dels drets que puguin ostentar terceres persones) sense el perm\u00eds expr\u00e9s i per escrit d\u2019EACOM SA.<\/p>\n\n\n\n<p>\u200b<\/p>\n\n\n\n<p>L\u2019acc\u00e9s al lloc web no implica cap tipus de ren\u00fancia, transmissi\u00f3, llic\u00e8ncia o cessi\u00f3 dels drets que pugui ostentar EACOM SA o els titulars dels drets sobre la totalitat dels elements que es mostren en aquesta p\u00e0gina web, llevat que s\u2019estableixi expressament el contrari.<\/p>\n\n\n\n<p><strong>Condicions d\u2019\u00fas.<\/strong>&nbsp;L\u2019acc\u00e9s a aquest lloc web implica l\u2019acceptaci\u00f3 sense reserves d\u2019aquestes condicions d\u2019\u00fas, que en regulen l\u2019acc\u00e9s i la utilitzaci\u00f3 amb la finalitat de posar a disposici\u00f3 dels usuaris informaci\u00f3 sobre els nostres serveis.<\/p>\n\n\n\n<p>Es prohibeix expressament la utilitzaci\u00f3 dels continguts d\u2019aquest lloc web amb finalitats comercials o per a la seva distribuci\u00f3, transformaci\u00f3 o comunicaci\u00f3 p\u00fablica.<\/p>\n\n\n\n<p>EACOM SA no respondr\u00e0 de cap conseq\u00fc\u00e8ncia, dany o perjudici que es pugui derivar de la utilitzaci\u00f3 o \u00fas de la informaci\u00f3.<\/p>\n\n\n\n<p>Tant l\u2019acc\u00e9s a aquest lloc web com l\u2019\u00fas que es pugui fer de la informaci\u00f3 que cont\u00e9 \u00e9s de l\u2019exclusiva responsabilitat de qui el realitza.<\/p>\n\n\n\n<p>L\u2019usuari es compromet a no utilitzar la informaci\u00f3 que es publica en aquest lloc web amb fins o efectes il\u00b7l\u00edcits o lesius, a no danyar ni inutilitzar la informaci\u00f3 i a no dur a terme cap altra acci\u00f3 que pugui ser contr\u00e0ria al contingut del present Av\u00eds legal.<\/p>\n\n\n\n<p>EACOM SA no pot garantir la inexist\u00e8ncia d\u2019interrupcions o d\u2019errors en l\u2019acc\u00e9s a aquest lloc web, tot i que posar\u00e0 els seus majors esfor\u00e7os per evitar-los.<\/p>\n\n\n\n<p><strong>Enlla\u00e7os a altres webs<\/strong>&nbsp;Els enlla\u00e7os (links) que es poden trobar en aquest lloc web es faciliten com a servei als usuaris.\nAquestes p\u00e0gines no s\u00f3n operades ni controlades per EACOM SA i, per tant, EACOM SA no es fa responsable dels continguts d\u2019aquests llocs web ni aquests es troben coberts pel present Av\u00eds legal.\nSi accedeix a aquestes p\u00e0gines web, ha de tenir en compte que les seves pol\u00edtiques de privacitat poden ser diferents de la nostra.<\/p>\n\n\n\n<p><strong>Legislaci\u00f3 aplicable i jurisdicci\u00f3 competent.<\/strong>&nbsp;El present Av\u00eds legal es regeix per la normativa espanyola vigent que li \u00e9s aplicable.\nPer a la resoluci\u00f3 de les controv\u00e8rsies que es puguin derivar com a conseq\u00fc\u00e8ncia del que es disposa en aquestes previsions i sobre la seva interpretaci\u00f3, aplicaci\u00f3 i compliment, les parts se sotmeten al fur corresponent al domicili de l\u2019usuari.<\/p>","protected":false},"excerpt":{"rendered":"<p>Objeto Social.&nbsp;EACOM Ingenieros y consultores S.A. (en adelante EACOM SA), es una sociedad privada consultora de servicios y actividades de ingenier\u00eda. \u200b Identificaci\u00f3n. En cumplimiento con el deber de informaci\u00f3n recogido en art\u00edculo 10 de la Ley 34\/2002, de 11 de julio, de Servicios de la Sociedad de la Informaci\u00f3n y del Comercio Electr\u00f3nico, los [&hellip;]<\/p>\n","protected":false},"author":2,"featured_media":0,"parent":0,"menu_order":0,"comment_status":"closed","ping_status":"closed","template":"","meta":{"footnotes":""},"class_list":["post-853","page","type-page","status-publish","hentry","entry"],"yoast_head":"<!-- This site is optimized with the Yoast SEO plugin v27.5 - https:\/\/yoast.com\/product\/yoast-seo-wordpress\/ -->\n<title>Aviso legal - EACOM<\/title>\n<meta name=\"robots\" content=\"index, follow, max-snippet:-1, max-image-preview:large, max-video-preview:-1\" \/>\n<link rel=\"canonical\" href=\"https:\/\/www.eacomsa.com\/ca\/aviso-legal\/\" \/>\n<meta property=\"og:locale\" content=\"ca_ES\" \/>\n<meta property=\"og:type\" content=\"article\" \/>\n<meta property=\"og:title\" content=\"Aviso legal - EACOM\" \/>\n<meta property=\"og:description\" content=\"Objeto Social.&nbsp;EACOM Ingenieros y consultores S.A. (en adelante EACOM SA), es una sociedad privada consultora de servicios y actividades de ingenier\u00eda. \u200b Identificaci\u00f3n. En cumplimiento con el deber de informaci\u00f3n recogido en art\u00edculo 10 de la Ley 34\/2002, de 11 de julio, de Servicios de la Sociedad de la Informaci\u00f3n y del Comercio Electr\u00f3nico, los [&hellip;]\" \/>\n<meta property=\"og:url\" content=\"https:\/\/www.eacomsa.com\/ca\/aviso-legal\/\" \/>\n<meta property=\"og:site_name\" content=\"EACOM\" \/>\n<meta property=\"article:modified_time\" content=\"2026-01-27T10:53:17+00:00\" \/>\n<meta name=\"twitter:card\" content=\"summary_large_image\" \/>\n<meta name=\"twitter:label1\" content=\"Temps estimat de lectura\" \/>\n\t<meta name=\"twitter:data1\" content=\"3 minuts\" \/>\n<script type=\"application\/ld+json\" class=\"yoast-schema-graph\">{\"@context\":\"https:\\\/\\\/schema.org\",\"@graph\":[{\"@type\":\"WebPage\",\"@id\":\"https:\\\/\\\/www.eacomsa.com\\\/aviso-legal\\\/\",\"url\":\"https:\\\/\\\/www.eacomsa.com\\\/aviso-legal\\\/\",\"name\":\"Aviso legal - EACOM\",\"isPartOf\":{\"@id\":\"https:\\\/\\\/www.eacomsa.com\\\/#website\"},\"datePublished\":\"2026-01-23T16:52:05+00:00\",\"dateModified\":\"2026-01-27T10:53:17+00:00\",\"breadcrumb\":{\"@id\":\"https:\\\/\\\/www.eacomsa.com\\\/aviso-legal\\\/#breadcrumb\"},\"inLanguage\":\"ca\",\"potentialAction\":[{\"@type\":\"ReadAction\",\"target\":[\"https:\\\/\\\/www.eacomsa.com\\\/aviso-legal\\\/\"]}]},{\"@type\":\"BreadcrumbList\",\"@id\":\"https:\\\/\\\/www.eacomsa.com\\\/aviso-legal\\\/#breadcrumb\",\"itemListElement\":[{\"@type\":\"ListItem\",\"position\":1,\"name\":\"Portada\",\"item\":\"https:\\\/\\\/www.eacomsa.com\\\/\"},{\"@type\":\"ListItem\",\"position\":2,\"name\":\"Aviso legal\"}]},{\"@type\":\"WebSite\",\"@id\":\"https:\\\/\\\/www.eacomsa.com\\\/#website\",\"url\":\"https:\\\/\\\/www.eacomsa.com\\\/\",\"name\":\"Eacomsa.com\",\"description\":\"\",\"publisher\":{\"@id\":\"https:\\\/\\\/www.eacomsa.com\\\/#organization\"},\"potentialAction\":[{\"@type\":\"SearchAction\",\"target\":{\"@type\":\"EntryPoint\",\"urlTemplate\":\"https:\\\/\\\/www.eacomsa.com\\\/?s={search_term_string}\"},\"query-input\":{\"@type\":\"PropertyValueSpecification\",\"valueRequired\":true,\"valueName\":\"search_term_string\"}}],\"inLanguage\":\"ca\"},{\"@type\":\"Organization\",\"@id\":\"https:\\\/\\\/www.eacomsa.com\\\/#organization\",\"name\":\"EACOM\",\"url\":\"https:\\\/\\\/www.eacomsa.com\\\/\",\"logo\":{\"@type\":\"ImageObject\",\"inLanguage\":\"ca\",\"@id\":\"https:\\\/\\\/www.eacomsa.com\\\/#\\\/schema\\\/logo\\\/image\\\/\",\"url\":\"https:\\\/\\\/www.eacomsa.com\\\/wp-content\\\/uploads\\\/2026\\\/01\\\/Eacom-degradado.webp\",\"contentUrl\":\"https:\\\/\\\/www.eacomsa.com\\\/wp-content\\\/uploads\\\/2026\\\/01\\\/Eacom-degradado.webp\",\"width\":853,\"height\":181,\"caption\":\"EACOM\"},\"image\":{\"@id\":\"https:\\\/\\\/www.eacomsa.com\\\/#\\\/schema\\\/logo\\\/image\\\/\"}}]}<\/script>\n<!-- \/ Yoast SEO plugin. -->","yoast_head_json":{"title":"Aviso legal - EACOM","robots":{"index":"index","follow":"follow","max-snippet":"max-snippet:-1","max-image-preview":"max-image-preview:large","max-video-preview":"max-video-preview:-1"},"canonical":"https:\/\/www.eacomsa.com\/ca\/aviso-legal\/","og_locale":"ca_ES","og_type":"article","og_title":"Aviso legal - EACOM","og_description":"Objeto Social.&nbsp;EACOM Ingenieros y consultores S.A. (en adelante EACOM SA), es una sociedad privada consultora de servicios y actividades de ingenier\u00eda. \u200b Identificaci\u00f3n. En cumplimiento con el deber de informaci\u00f3n recogido en art\u00edculo 10 de la Ley 34\/2002, de 11 de julio, de Servicios de la Sociedad de la Informaci\u00f3n y del Comercio Electr\u00f3nico, los [&hellip;]","og_url":"https:\/\/www.eacomsa.com\/ca\/aviso-legal\/","og_site_name":"EACOM","article_modified_time":"2026-01-27T10:53:17+00:00","twitter_card":"summary_large_image","twitter_misc":{"Temps estimat de lectura":"3 minuts"},"schema":{"@context":"https:\/\/schema.org","@graph":[{"@type":"WebPage","@id":"https:\/\/www.eacomsa.com\/aviso-legal\/","url":"https:\/\/www.eacomsa.com\/aviso-legal\/","name":"Aviso legal - EACOM","isPartOf":{"@id":"https:\/\/www.eacomsa.com\/#website"},"datePublished":"2026-01-23T16:52:05+00:00","dateModified":"2026-01-27T10:53:17+00:00","breadcrumb":{"@id":"https:\/\/www.eacomsa.com\/aviso-legal\/#breadcrumb"},"inLanguage":"ca","potentialAction":[{"@type":"ReadAction","target":["https:\/\/www.eacomsa.com\/aviso-legal\/"]}]},{"@type":"BreadcrumbList","@id":"https:\/\/www.eacomsa.com\/aviso-legal\/#breadcrumb","itemListElement":[{"@type":"ListItem","position":1,"name":"Portada","item":"https:\/\/www.eacomsa.com\/"},{"@type":"ListItem","position":2,"name":"Aviso legal"}]},{"@type":"WebSite","@id":"https:\/\/www.eacomsa.com\/#website","url":"https:\/\/www.eacomsa.com\/","name":"Eacomsa.com","description":"","publisher":{"@id":"https:\/\/www.eacomsa.com\/#organization"},"potentialAction":[{"@type":"SearchAction","target":{"@type":"EntryPoint","urlTemplate":"https:\/\/www.eacomsa.com\/?s={search_term_string}"},"query-input":{"@type":"PropertyValueSpecification","valueRequired":true,"valueName":"search_term_string"}}],"inLanguage":"ca"},{"@type":"Organization","@id":"https:\/\/www.eacomsa.com\/#organization","name":"EACOM","url":"https:\/\/www.eacomsa.com\/","logo":{"@type":"ImageObject","inLanguage":"ca","@id":"https:\/\/www.eacomsa.com\/#\/schema\/logo\/image\/","url":"https:\/\/www.eacomsa.com\/wp-content\/uploads\/2026\/01\/Eacom-degradado.webp","contentUrl":"https:\/\/www.eacomsa.com\/wp-content\/uploads\/2026\/01\/Eacom-degradado.webp","width":853,"height":181,"caption":"EACOM"},"image":{"@id":"https:\/\/www.eacomsa.com\/#\/schema\/logo\/image\/"}}]}},"_links":{"self":[{"href":"https:\/\/www.eacomsa.com\/ca\/wp-json\/wp\/v2\/pages\/853","targetHints":{"allow":["GET"]}}],"collection":[{"href":"https:\/\/www.eacomsa.com\/ca\/wp-json\/wp\/v2\/pages"}],"about":[{"href":"https:\/\/www.eacomsa.com\/ca\/wp-json\/wp\/v2\/types\/page"}],"author":[{"embeddable":true,"href":"https:\/\/www.eacomsa.com\/ca\/wp-json\/wp\/v2\/users\/2"}],"replies":[{"embeddable":true,"href":"https:\/\/www.eacomsa.com\/ca\/wp-json\/wp\/v2\/comments?post=853"}],"version-history":[{"count":3,"href":"https:\/\/www.eacomsa.com\/ca\/wp-json\/wp\/v2\/pages\/853\/revisions"}],"predecessor-version":[{"id":986,"href":"https:\/\/www.eacomsa.com\/ca\/wp-json\/wp\/v2\/pages\/853\/revisions\/986"}],"wp:attachment":[{"href":"https:\/\/www.eacomsa.com\/ca\/wp-json\/wp\/v2\/media?parent=853"}],"curies":[{"name":"wp","href":"https:\/\/api.w.org\/{rel}","templated":true}]}}